{"id":3064,"date":"2024-10-02T23:02:30","date_gmt":"2024-10-02T23:02:30","guid":{"rendered":"http:\/\/skleplavre.pl\/?post_type=product&#038;p=3064"},"modified":"2026-04-10T14:49:29","modified_gmt":"2026-04-10T14:49:29","slug":"dozownik-do-zlewu-lux-bezowy","status":"publish","type":"product","link":"https:\/\/skleplavre.pl\/en\/produkt\/dozownik-do-zlewu-lux-bezowy\/","title":{"rendered":"Dozownik lux be\u017cowy"},"content":{"rendered":"<p class=\"break-words\">Stylowy i praktyczny dozownik do myd\u0142a w p\u0142ynie, kt\u00f3ry idealnie sprawdzi si\u0119 w ka\u017cdej kuchni. Jego nowoczesny design z zaokr\u0105glonymi kszta\u0142tami i smuk\u0142ym uchwytem nadaje wn\u0119trzu elegancji i funkcjonalno\u015bci. Dozownik zosta\u0142 zaprojektowany z my\u015bl\u0105 o wygodzie \u2013 ergonomiczny uchwyt pozwala na \u0142atwe i precyzyjne dozowanie myd\u0142a, co pomaga utrzyma\u0107 porz\u0105dek. Solidna konstrukcja gwarantuje trwa\u0142o\u015b\u0107 i odporno\u015b\u0107 na codzienne u\u017cytkowanie. To doskona\u0142y wyb\u00f3r dla os\u00f3b ceni\u0105cych po\u0142\u0105czenie estetyki z praktyczno\u015bci\u0105.<\/p>\n<p class=\"break-words\"><strong>Cechy produktu:<\/strong><\/p>\n<ul class=\"marker:text-secondary\">\n<li class=\"break-words\">Nowoczesny, uniwersalny design<\/li>\n<li class=\"break-words\">Ergonomiczny uchwyt dla \u0142atwego dozowania<\/li>\n<li class=\"break-words\">Wytrzyma\u0142e materia\u0142y zapewniaj\u0105ce d\u0142ugotrwa\u0142e u\u017cytkowanie<\/li>\n<li class=\"break-words\">Wzboga\u0107 swoje wn\u0119trze o ten elegancki i funkcjonalny dozownik, kt\u00f3ry u\u0142atwi codzienne czynno\u015bci!<\/li>\n<\/ul>\n","protected":false},"excerpt":{"rendered":"<p>Stylowy i praktyczny dozownik do myd\u0142a w p\u0142ynie, kt\u00f3ry idealnie sprawdzi si\u0119 w ka\u017cdej kuchni. Jego nowoczesny design z zaokr\u0105glonymi kszta\u0142tami i smuk\u0142ym uchwytem nadaje wn\u0119trzu elegancji i funkcjonalno\u015bci. Dozownik zosta\u0142 zaprojektowany z my\u015bl\u0105 o wygodzie \u2013 ergonomiczny uchwyt pozwala na \u0142atwe i precyzyjne dozowanie myd\u0142a, co pomaga utrzyma\u0107 porz\u0105dek. Solidna konstrukcja gwarantuje trwa\u0142o\u015b\u0107 i [&hellip;]<\/p>\n","protected":false},"featured_media":3096,"template":"","meta":{"_acf_changed":false,"inline_featured_image":false},"product_brand":[],"product_cat":[187],"product_tag":[],"class_list":{"0":"post-3064","1":"product","2":"type-product","3":"status-publish","4":"has-post-thumbnail","6":"product_cat-dozowniki-do-kuchni","7":"pa_dlugosc-90mm","8":"pa_kolor-bezowy","9":"pa_material-pcv","10":"pa_pojemnosc-300ml","11":"pa_seria-lux","12":"pa_wysokosc-52mm","14":"first","15":"instock","16":"purchasable","17":"product-type-simple","18":"add-to-wishlist-after_add_to_cart"},"acf":[],"_links":{"self":[{"href":"https:\/\/skleplavre.pl\/en\/wp-json\/wp\/v2\/product\/3064","targetHints":{"allow":["GET"]}}],"collection":[{"href":"https:\/\/skleplavre.pl\/en\/wp-json\/wp\/v2\/product"}],"about":[{"href":"https:\/\/skleplavre.pl\/en\/wp-json\/wp\/v2\/types\/product"}],"wp:featuredmedia":[{"embeddable":true,"href":"https:\/\/skleplavre.pl\/en\/wp-json\/wp\/v2\/media\/3096"}],"wp:attachment":[{"href":"https:\/\/skleplavre.pl\/en\/wp-json\/wp\/v2\/media?parent=3064"}],"wp:term":[{"taxonomy":"product_brand","embeddable":true,"href":"https:\/\/skleplavre.pl\/en\/wp-json\/wp\/v2\/product_brand?post=3064"},{"taxonomy":"product_cat","embeddable":true,"href":"https:\/\/skleplavre.pl\/en\/wp-json\/wp\/v2\/product_cat?post=3064"},{"taxonomy":"product_tag","embeddable":true,"href":"https:\/\/skleplavre.pl\/en\/wp-json\/wp\/v2\/product_tag?post=3064"}],"curies":[{"name":"wp","href":"https:\/\/api.w.org\/{rel}","templated":true}]}}