{"id":1584,"date":"2024-10-02T23:01:58","date_gmt":"2024-10-02T23:01:58","guid":{"rendered":"http:\/\/skleplavre.pl\/?post_type=product&#038;p=1584"},"modified":"2026-04-10T14:48:15","modified_gmt":"2026-04-10T14:48:15","slug":"dozownik-kwadratowy-do-zlewu-szary","status":"publish","type":"product","link":"https:\/\/skleplavre.pl\/en\/produkt\/dozownik-kwadratowy-do-zlewu-szary\/","title":{"rendered":"Dozownik kwadratowy szary"},"content":{"rendered":"<p class=\"break-words\">Elegancki i funkcjonalny dozownik do myd\u0142a w p\u0142ynie, idealny do ka\u017cdej kuchni. Jego minimalistyczny design z geometrycznymi kszta\u0142tami sprawia, \u017ce doskonale wpasuje si\u0119 w nowoczesne i klasyczne wn\u0119trza. Wyposa\u017cony w wygodny uchwyt, umo\u017cliwia \u0142atwe i precyzyjne dozowanie myd\u0142a, minimalizuj\u0105c ba\u0142agan. Dozownik jest montowany na blacie, co pozwala zaoszcz\u0119dzi\u0107 miejsce i utrzyma\u0107 porz\u0105dek. Wykonany z trwa\u0142ych materia\u0142\u00f3w, gwarantuje d\u0142ugotrwa\u0142e u\u017cytkowanie i odporno\u015b\u0107 na codzienne zu\u017cycie. Praktyczne rozwi\u0105zanie dla tych, kt\u00f3rzy ceni\u0105 sobie styl i funkcjonalno\u015b\u0107 w jednym.<\/p>\n<p class=\"break-words\"><strong>Cechy produktu:<\/strong><\/p>\n<ul class=\"marker:text-secondary\">\n<li class=\"break-words\">Minimalistyczny, uniwersalny design<\/li>\n<li class=\"break-words\">\u0141atwy w obs\u0142udze uchwyt<\/li>\n<li class=\"break-words\">Monta\u017c na blacie \u2013 oszcz\u0119dno\u015b\u0107 miejsca<\/li>\n<li class=\"break-words\">Trwa\u0142a konstrukcja<\/li>\n<\/ul>\n<p class=\"break-words\">Dodaj elegancji i praktyczno\u015bci do swojego domu z tym stylowym dozownikiem!<\/p>\n","protected":false},"excerpt":{"rendered":"<p>Elegancki i funkcjonalny dozownik do myd\u0142a w p\u0142ynie, idealny do ka\u017cdej kuchni. Jego minimalistyczny design z geometrycznymi kszta\u0142tami sprawia, \u017ce doskonale wpasuje si\u0119 w nowoczesne i klasyczne wn\u0119trza. Wyposa\u017cony w wygodny uchwyt, umo\u017cliwia \u0142atwe i precyzyjne dozowanie myd\u0142a, minimalizuj\u0105c ba\u0142agan. Dozownik jest montowany na blacie, co pozwala zaoszcz\u0119dzi\u0107 miejsce i utrzyma\u0107 porz\u0105dek. Wykonany z trwa\u0142ych [&hellip;]<\/p>\n","protected":false},"featured_media":1767,"template":"","meta":{"_acf_changed":false,"inline_featured_image":false},"product_brand":[],"product_cat":[187],"product_tag":[],"class_list":{"0":"post-1584","1":"product","2":"type-product","3":"status-publish","4":"has-post-thumbnail","6":"product_cat-dozowniki-do-kuchni","7":"pa_dlugosc-87mm","8":"pa_kolor-szary","9":"pa_material-mosiadz","10":"pa_pojemnosc-300ml","11":"pa_wysokosc-62mm","13":"first","14":"instock","15":"purchasable","16":"product-type-simple","17":"add-to-wishlist-after_add_to_cart"},"acf":[],"_links":{"self":[{"href":"https:\/\/skleplavre.pl\/en\/wp-json\/wp\/v2\/product\/1584","targetHints":{"allow":["GET"]}}],"collection":[{"href":"https:\/\/skleplavre.pl\/en\/wp-json\/wp\/v2\/product"}],"about":[{"href":"https:\/\/skleplavre.pl\/en\/wp-json\/wp\/v2\/types\/product"}],"wp:featuredmedia":[{"embeddable":true,"href":"https:\/\/skleplavre.pl\/en\/wp-json\/wp\/v2\/media\/1767"}],"wp:attachment":[{"href":"https:\/\/skleplavre.pl\/en\/wp-json\/wp\/v2\/media?parent=1584"}],"wp:term":[{"taxonomy":"product_brand","embeddable":true,"href":"https:\/\/skleplavre.pl\/en\/wp-json\/wp\/v2\/product_brand?post=1584"},{"taxonomy":"product_cat","embeddable":true,"href":"https:\/\/skleplavre.pl\/en\/wp-json\/wp\/v2\/product_cat?post=1584"},{"taxonomy":"product_tag","embeddable":true,"href":"https:\/\/skleplavre.pl\/en\/wp-json\/wp\/v2\/product_tag?post=1584"}],"curies":[{"name":"wp","href":"https:\/\/api.w.org\/{rel}","templated":true}]}}