{"id":1583,"date":"2024-10-03T08:55:57","date_gmt":"2024-10-03T08:55:57","guid":{"rendered":"http:\/\/skleplavre.pl\/?post_type=product&#038;p=1583"},"modified":"2026-04-10T14:48:15","modified_gmt":"2026-04-10T14:48:15","slug":"dozownik-do-zlewu-granit","status":"publish","type":"product","link":"https:\/\/skleplavre.pl\/en\/produkt\/dozownik-do-zlewu-granit\/","title":{"rendered":"Dozownik okr\u0105g\u0142y granit"},"content":{"rendered":"<p class=\"break-words\">Nowoczesny i praktyczny dozownik do myd\u0142a w p\u0142ynie, kt\u00f3ry idealnie dope\u0142ni wystr\u00f3j ka\u017cdej kuchni. Jego smuk\u0142y, minimalistyczny design z delikatnie wygi\u0119tym uchwytem \u0142\u0105czy w sobie elegancj\u0119 i funkcjonalno\u015b\u0107. Dozownik zapewnia \u0142atwe i precyzyjne dozowanie myd\u0142a, co pozwala utrzyma\u0107 porz\u0105dek i higien\u0119. Solidna konstrukcja gwarantuje trwa\u0142o\u015b\u0107 i odporno\u015b\u0107 na codzienne u\u017cytkowanie. To doskona\u0142e rozwi\u0105zanie dla os\u00f3b, kt\u00f3re szukaj\u0105 stylowego i praktycznego dodatku do swojego domu.<\/p>\n<p class=\"break-words\"><strong>Cechy produktu:<\/strong><\/p>\n<ul class=\"marker:text-secondary\">\n<li class=\"break-words\">Smuk\u0142y, minimalistyczny design<\/li>\n<li class=\"break-words\">Wygodny, wygi\u0119ty uchwyt dla \u0142atwego dozowania<\/li>\n<li class=\"break-words\">Trwa\u0142e materia\u0142y zapewniaj\u0105ce d\u0142ugotrwa\u0142e u\u017cytkowanie<\/li>\n<\/ul>\n<p class=\"break-words\">Podkre\u015bl styl swojego wn\u0119trza dzi\u0119ki temu eleganckiemu i funkcjonalnemu dozownikowi!<\/p>\n","protected":false},"excerpt":{"rendered":"<p>Nowoczesny i praktyczny dozownik do myd\u0142a w p\u0142ynie, kt\u00f3ry idealnie dope\u0142ni wystr\u00f3j ka\u017cdej kuchni. Jego smuk\u0142y, minimalistyczny design z delikatnie wygi\u0119tym uchwytem \u0142\u0105czy w sobie elegancj\u0119 i funkcjonalno\u015b\u0107. Dozownik zapewnia \u0142atwe i precyzyjne dozowanie myd\u0142a, co pozwala utrzyma\u0107 porz\u0105dek i higien\u0119. Solidna konstrukcja gwarantuje trwa\u0142o\u015b\u0107 i odporno\u015b\u0107 na codzienne u\u017cytkowanie. To doskona\u0142e rozwi\u0105zanie dla os\u00f3b, [&hellip;]<\/p>\n","protected":false},"featured_media":1763,"template":"","meta":{"_acf_changed":false,"inline_featured_image":false},"product_brand":[],"product_cat":[187],"product_tag":[],"class_list":{"0":"post-1583","1":"product","2":"type-product","3":"status-publish","4":"has-post-thumbnail","6":"product_cat-dozowniki-do-kuchni","7":"pa_dlugosc-90mm","8":"pa_kolor-grafit","9":"pa_material-pcv","10":"pa_pojemnosc-360mm","11":"pa_wysokosc-62mm","13":"first","14":"instock","15":"purchasable","16":"product-type-simple","17":"add-to-wishlist-after_add_to_cart"},"acf":[],"_links":{"self":[{"href":"https:\/\/skleplavre.pl\/en\/wp-json\/wp\/v2\/product\/1583","targetHints":{"allow":["GET"]}}],"collection":[{"href":"https:\/\/skleplavre.pl\/en\/wp-json\/wp\/v2\/product"}],"about":[{"href":"https:\/\/skleplavre.pl\/en\/wp-json\/wp\/v2\/types\/product"}],"wp:featuredmedia":[{"embeddable":true,"href":"https:\/\/skleplavre.pl\/en\/wp-json\/wp\/v2\/media\/1763"}],"wp:attachment":[{"href":"https:\/\/skleplavre.pl\/en\/wp-json\/wp\/v2\/media?parent=1583"}],"wp:term":[{"taxonomy":"product_brand","embeddable":true,"href":"https:\/\/skleplavre.pl\/en\/wp-json\/wp\/v2\/product_brand?post=1583"},{"taxonomy":"product_cat","embeddable":true,"href":"https:\/\/skleplavre.pl\/en\/wp-json\/wp\/v2\/product_cat?post=1583"},{"taxonomy":"product_tag","embeddable":true,"href":"https:\/\/skleplavre.pl\/en\/wp-json\/wp\/v2\/product_tag?post=1583"}],"curies":[{"name":"wp","href":"https:\/\/api.w.org\/{rel}","templated":true}]}}