{"id":33282,"date":"2024-08-22T13:41:24","date_gmt":"2024-08-22T13:41:24","guid":{"rendered":"https:\/\/skleplavre.pl\/delivery-time-and-costs\/"},"modified":"2026-05-14T11:22:50","modified_gmt":"2026-05-14T11:22:50","slug":"delivery-time-and-costs","status":"publish","type":"page","link":"https:\/\/skleplavre.pl\/en\/delivery-time-and-costs\/","title":{"rendered":"Delivery time and costs"},"content":{"rendered":"\n<p class=\"has-text-align-center\"><strong>Delivery costs<br\/><br\/><\/strong> * free delivery over <strong>1000<\/strong> z\u0142.<br\/><\/p>\n\n<div class=\"wp-block-columns is-layout-flex wp-container-core-columns-is-layout-9d6595d7 wp-block-columns-is-layout-flex\">\n<div class=\"wp-block-column is-layout-flow wp-block-column-is-layout-flow\">\n<div class=\"wp-block-group is-vertical is-content-justification-center is-layout-flex wp-container-core-group-is-layout-4b2eccd6 wp-block-group-is-layout-flex\">\n<figure class=\"wp-block-image aligncenter size-full\"><img loading=\"lazy\" decoding=\"async\" width=\"145\" height=\"65\" src=\"http:\/\/skleplavre.pl\/wp-content\/uploads\/2024\/08\/logodpd.png\" alt=\"\" class=\"wp-image-914\" srcset=\"https:\/\/skleplavre.pl\/wp-content\/uploads\/2024\/08\/logodpd.png 145w, https:\/\/skleplavre.pl\/wp-content\/uploads\/2024\/08\/logodpd-64x29.png 64w\" sizes=\"auto, (max-width: 145px) 100vw, 145px\" \/><\/figure>\n\n\n\n<p class=\"has-text-align-center\"><br\/>*DPD courier delivery <strong>18,00<\/strong> z\u0142.<br\/>*DPD courier cash on delivery <strong>24,00<\/strong> z\u0142.<br\/>*Multi shipments <strong>200,00<\/strong> z\u0142.<\/p>\n<\/div>\n<\/div>\n\n\n\n<div class=\"wp-block-column is-layout-flow wp-block-column-is-layout-flow\">\n<div class=\"wp-block-group is-vertical is-content-justification-center is-layout-flex wp-container-core-group-is-layout-4b2eccd6 wp-block-group-is-layout-flex\">\n<figure class=\"wp-block-image aligncenter size-full is-resized\"><img loading=\"lazy\" decoding=\"async\" width=\"1384\" height=\"831\" src=\"https:\/\/skleplavre.pl\/wp-content\/uploads\/2026\/03\/inpost_logo.webp\" alt=\"\" class=\"wp-image-28622\" style=\"width:150px\" srcset=\"https:\/\/skleplavre.pl\/wp-content\/uploads\/2026\/03\/inpost_logo.webp 1384w, https:\/\/skleplavre.pl\/wp-content\/uploads\/2026\/03\/inpost_logo-300x180.webp 300w, https:\/\/skleplavre.pl\/wp-content\/uploads\/2026\/03\/inpost_logo-1024x615.webp 1024w, https:\/\/skleplavre.pl\/wp-content\/uploads\/2026\/03\/inpost_logo-150x90.webp 150w, https:\/\/skleplavre.pl\/wp-content\/uploads\/2026\/03\/inpost_logo-768x461.webp 768w, https:\/\/skleplavre.pl\/wp-content\/uploads\/2026\/03\/inpost_logo-600x360.webp 600w, https:\/\/skleplavre.pl\/wp-content\/uploads\/2026\/03\/inpost_logo-64x38.webp 64w\" sizes=\"auto, (max-width: 1384px) 100vw, 1384px\" \/><\/figure>\n\n\n\n<p class=\"has-text-align-center\"><strong>For small size shipments<\/strong><br\/>*InPost parcel machines 24\/7 <strong>16.00<\/strong> z\u0142.<br\/><\/p>\n<\/div>\n<\/div>\n<\/div>\n\n<hr class=\"wp-block-separator has-alpha-channel-opacity\"\/>\n\n<p class=\"has-text-align-center\">*Personal collection (payment in cash).<\/p>\n\n<p class=\"has-text-align-center\"><strong>Lead time<\/strong><\/p>\n\n<p class=\"has-text-align-center\"><strong>*Orders<\/strong>placed by 12:00 pm are shipped the same business day. Orders after 12:00 pm ship the following day.   <\/p>\n","protected":false},"excerpt":{"rendered":"<p>Delivery costs * free delivery over 1000 z\u0142. *DPD courier delivery 18,00 z\u0142.*DPD courier cash on delivery 24,00 z\u0142.*Multi shipments 200,00 z\u0142. For small size shipments*InPost parcel machines 24\/7 16.00 z\u0142. *Personal collection (payment in cash). Lead time *Ordersplaced by 12:00 pm are shipped the same business day. Orders after 12:00 pm ship the following [&hellip;]<\/p>\n","protected":false},"author":2,"featured_media":0,"parent":0,"menu_order":0,"comment_status":"closed","ping_status":"closed","template":"","meta":{"_acf_changed":false,"inline_featured_image":false,"footnotes":""},"class_list":["post-33282","page","type-page","status-publish","hentry"],"acf":[],"_links":{"self":[{"href":"https:\/\/skleplavre.pl\/en\/wp-json\/wp\/v2\/pages\/33282","targetHints":{"allow":["GET"]}}],"collection":[{"href":"https:\/\/skleplavre.pl\/en\/wp-json\/wp\/v2\/pages"}],"about":[{"href":"https:\/\/skleplavre.pl\/en\/wp-json\/wp\/v2\/types\/page"}],"author":[{"embeddable":true,"href":"https:\/\/skleplavre.pl\/en\/wp-json\/wp\/v2\/users\/2"}],"replies":[{"embeddable":true,"href":"https:\/\/skleplavre.pl\/en\/wp-json\/wp\/v2\/comments?post=33282"}],"version-history":[{"count":1,"href":"https:\/\/skleplavre.pl\/en\/wp-json\/wp\/v2\/pages\/33282\/revisions"}],"predecessor-version":[{"id":33284,"href":"https:\/\/skleplavre.pl\/en\/wp-json\/wp\/v2\/pages\/33282\/revisions\/33284"}],"wp:attachment":[{"href":"https:\/\/skleplavre.pl\/en\/wp-json\/wp\/v2\/media?parent=33282"}],"curies":[{"name":"wp","href":"https:\/\/api.w.org\/{rel}","templated":true}]}}